{"id":3,"date":"2025-12-28T22:10:03","date_gmt":"2025-12-28T20:10:03","guid":{"rendered":"https:\/\/simonetu.dk\/?page_id=3"},"modified":"2025-12-28T23:44:17","modified_gmt":"2025-12-28T21:44:17","slug":"privacy-policy","status":"publish","type":"page","link":"https:\/\/simonetu.dk\/?page_id=3","title":{"rendered":"Privatlivspolitik"},"content":{"rendered":"\r\n<h3 class=\"wp-block-heading\" data-path-to-node=\"4\">Privatlivspolitik for simonetu.dk<\/h3>\r\n<p data-path-to-node=\"8\"><b data-path-to-node=\"8\" data-index-in-node=\"0\">Sidst opdateret: 28.12.2025<\/b><\/p>\r\n<p data-path-to-node=\"9\">Denne privatlivspolitik beskriver, hvordan simonetu.dk (\u201cSiden\u201d, \u201cvi\u201d, \u201cos\u201d eller \u201cvores\u201d) indsamler, bruger og videregiver dine personoplysninger, n\u00e5r du bes\u00f8ger, bruger vores tjenester eller foretager et k\u00f8b fra www.simonetu.dk (\u201cSiden\u201d) eller p\u00e5 anden m\u00e5de kommunikerer med os (samlet ben\u00e6vnt \u201cTjenesterne\u201d). I denne privatlivspolitik betyder \u201cdu\u201d og \u201cdin\u201d dig som bruger af Tjenesterne.<\/p>\r\n<p data-path-to-node=\"10\">L\u00e6s venligst denne privatlivspolitik omhyggeligt. Ved at bruge Tjenesterne accepterer du indsamling, brug og videregivelse af dine oplysninger som beskrevet heri. Hvis du ikke kan acceptere denne privatlivspolitik, bedes du undlade at bruge Tjenesterne.<\/p>\r\n<h3 data-path-to-node=\"11\">\u00c6ndringer i denne privatlivspolitik<\/h3>\r\n<p data-path-to-node=\"12\">Vi kan opdatere denne privatlivspolitik fra tid til anden for at afspejle \u00e6ndringer i vores praksis eller af andre operationelle, juridiske eller lovm\u00e6ssige \u00e5rsager. Vi offentligg\u00f8r den reviderede politik p\u00e5 Siden og opdaterer datoen for \u201cSidst opdateret\u201d.<\/p>\r\n<h3 data-path-to-node=\"13\">Hvordan vi indsamler og bruger dine personoplysninger<\/h3>\r\n<p data-path-to-node=\"14\">For at kunne levere Tjenesterne indsamler vi personoplysninger om dig fra forskellige kilder. De oplysninger, vi indsamler, afh\u00e6nger af, hvordan du interagerer med os.<\/p>\r\n<p data-path-to-node=\"15\">Udover de specifikke form\u00e5l beskrevet nedenfor, kan vi bruge oplysningerne til at kommunikere med dig, overholde juridiske forpligtelser og beskytte Tjenesterne og vores rettigheder.<\/p>\r\n<h3 data-path-to-node=\"16\">Hvilke personoplysninger vi indsamler<\/h3>\r\n<p data-path-to-node=\"17\"><b data-path-to-node=\"17\" data-index-in-node=\"0\">Oplysninger vi indsamler direkte fra dig:<\/b><\/p>\r\n<ul data-path-to-node=\"18\">\r\n<li>\r\n<p data-path-to-node=\"18,0,0\"><b data-path-to-node=\"18,0,0\" data-index-in-node=\"0\">Grundl\u00e6ggende kontaktoplysninger:<\/b> Navn, adresse, telefonnummer, e-mail.<\/p>\r\n<\/li>\r\n<li>\r\n<p data-path-to-node=\"18,1,0\"><b data-path-to-node=\"18,1,0\" data-index-in-node=\"0\">Ordreoplysninger:<\/b> Navn, faktureringsadresse, leveringsadresse, betalingsbekr\u00e6ftelse, e-mailadresse, telefonnummer.<\/p>\r\n<\/li>\r\n<li>\r\n<p data-path-to-node=\"18,2,0\"><b data-path-to-node=\"18,2,0\" data-index-in-node=\"0\">Kontooplysninger:<\/b> Brugernavn, adgangskode, sikkerhedssp\u00f8rgsm\u00e5l.<\/p>\r\n<\/li>\r\n<li>\r\n<p data-path-to-node=\"18,3,0\"><b data-path-to-node=\"18,3,0\" data-index-in-node=\"0\">Shoppingoplysninger:<\/b> Varer du ser p\u00e5, l\u00e6gger i kurven eller tilf\u00f8jer til din \u00f8nskeliste.<\/p>\r\n<\/li>\r\n<li>\r\n<p data-path-to-node=\"18,4,0\"><b data-path-to-node=\"18,4,0\" data-index-in-node=\"0\">Kundeserviceoplysninger:<\/b> Oplysninger du v\u00e6lger at inkludere i kommunikation med os.<\/p>\r\n<\/li>\r\n<\/ul>\r\n<p data-path-to-node=\"19\"><b data-path-to-node=\"19\" data-index-in-node=\"0\">Oplysninger vi indsamler via cookies:<\/b> Vi indsamler automatisk visse oplysninger om din interaktion med Tjenesterne (\u201cBrugsdata\u201d) via cookies, pixels og lignende teknologier. Dette inkluderer enhedsoplysninger, browseroplysninger, netv\u00e6rksforbindelse, IP-adresse og interaktion med Siden.<\/p>\r\n<p data-path-to-node=\"20\"><b data-path-to-node=\"20\" data-index-in-node=\"0\">Oplysninger vi modtager fra tredjeparter:<\/b> Vi kan modtage oplysninger fra tjenesteudbydere, der indsamler data p\u00e5 vores vegne, s\u00e5som:<\/p>\r\n<ul>\r\n<li data-path-to-node=\"20\">Vores betalingsformidlere, der indsamler betalingsoplysninger for at gennemf\u00f8re dine ordrer.<\/li>\r\n<li data-path-to-node=\"20\">Virksomheder der underst\u00f8tter vores Side, s\u00e5som vores hostingudbyder og CMS-system (WordPress).<\/li>\r\n<\/ul>\r\n<h3 data-path-to-node=\"22\">Hvordan vi bruger dine personoplysninger<\/h3>\r\n<ul data-path-to-node=\"23\">\r\n<li>\r\n<p data-path-to-node=\"23,0,0\"><b data-path-to-node=\"23,0,0\" data-index-in-node=\"0\">Levering af produkter og tjenester:<\/b> Behandling af betalinger, opfyldelse af ordrer, udsendelse af meddelelser om din konto\/k\u00f8b og administration af din konto.<\/p>\r\n<\/li>\r\n<li>\r\n<p data-path-to-node=\"23,1,0\"><b data-path-to-node=\"23,1,0\" data-index-in-node=\"0\">Marketing og annoncering:<\/b> Udsendelse af markedsf\u00f8ring via e-mail, SMS eller post (hvor lovligt), og visning af annoncer for produkter.\u00a0<\/p>\r\n<\/li>\r\n<li>\r\n<p data-path-to-node=\"23,2,0\"><b data-path-to-node=\"23,2,0\" data-index-in-node=\"0\">Sikkerhed og forebyggelse af svindel:<\/b> For at opdage og efterforske eventuel svindel eller ulovlig aktivitet.<\/p>\r\n<\/li>\r\n<li>\r\n<p data-path-to-node=\"23,3,0\"><b data-path-to-node=\"23,3,0\" data-index-in-node=\"0\">Kommunikation:<\/b> Kundesupport og forbedring af vores Tjenester.<\/p>\r\n<\/li>\r\n<\/ul>\r\n<h3 data-path-to-node=\"24\">Cookies<\/h3>\r\n<p data-path-to-node=\"3,0\">Vi bruger cookies til at drive siden og forbedre din brugeroplevelse. Da vi benytter <b data-path-to-node=\"3,0\" data-index-in-node=\"93\">Google Analytics<\/b>, indsamler vi anonymiserede data om, hvordan vores bes\u00f8gende interagerer med websitet (f.eks. hvilke sider der bes\u00f8ges mest, og hvor l\u00e6nge bes\u00f8gene varer). Dette hj\u00e6lper os med at optimere indholdet og designet.<\/p>\r\n<p data-path-to-node=\"3,1\">Hvis du tilmelder dig vores nyhedsbrev via <b data-path-to-node=\"3,1\" data-index-in-node=\"43\">Klaviyo<\/b>, kan der ogs\u00e5 blive sat cookies for at sikre, at vi sender dig relevant information og ikke viser dig de samme pop-ups gentagne gange.<\/p>\r\n<p data-path-to-node=\"3,2\">Du kan l\u00e6se mere om, hvordan Google behandler dine data her: <a class=\"ng-star-inserted\" href=\"https:\/\/policies.google.com\/privacy\" target=\"_blank\" rel=\"noopener\" data-hveid=\"0\" data-ved=\"0CAAQ_4QMahgKEwjUxq2ul-GRAxUAAAAAHQAAAAAQgAE\">https:\/\/policies.google.com\/privacy<\/a>. Du kan altid fjerne eller afvise cookies i din browsers indstillinger, men det kan p\u00e5virke sidens funktionalitet.<\/p>\r\n<h3 data-path-to-node=\"26\">Videregivelse af personoplysninger<\/h3>\r\n<p data-path-to-node=\"27\">Vi kan videregive dine oplysninger til:<\/p>\r\n<ul data-path-to-node=\"28\">\r\n<li>\r\n<p data-path-to-node=\"28,0,0\">Tredjeparter der udf\u00f8rer tjenester for os (f.eks. IT-styring, betaling, analyse, fragt).<\/p>\r\n<\/li>\r\n<li>\r\n<p data-path-to-node=\"28,1,0\">Forretnings- og marketingpartnere Vi samarbejder med tredjepartstjenester for at underst\u00f8tte vores markedsf\u00f8ring og optimere vores annoncering. Vi bruger blandt andet <b data-path-to-node=\"7,0\" data-index-in-node=\"167\">Google<\/b> og\u00a0 <strong>Meta\/Facebook<\/strong>, for at kunne vise personaliserede annoncer baseret p\u00e5 dit bes\u00f8g p\u00e5 siden. Derudover deler vi n\u00f8dvendige oplysninger med <b data-path-to-node=\"7,0\" data-index-in-node=\"328\">Klaviyo<\/b> for at kunne sende dig relevante e-mails, hvis du har givet samtykke til dette.<\/p>\r\n<\/li>\r\n<li>\r\n<p data-path-to-node=\"28,2,0\">Ved lovkrav eller i forbindelse med en virksomhedsoverdragelse.<\/p>\r\n<\/li>\r\n<\/ul>\r\n<p data-path-to-node=\"29\"><b data-path-to-node=\"29\" data-index-in-node=\"0\">Kategorier af oplysninger delt de sidste 12 m\u00e5neder:<\/b><\/p>\r\n<ul data-path-to-node=\"30\">\r\n<li>\r\n<p data-path-to-node=\"30,0,0\">Identifikatorer (kontaktoplysninger).<\/p>\r\n<\/li>\r\n<li>\r\n<p data-path-to-node=\"30,1,0\">Kommercielle oplysninger (ordrehistorik).<\/p>\r\n<\/li>\r\n<li>\r\n<p data-path-to-node=\"30,2,0\">Internetaktivitet (Brugsdata).<\/p>\r\n<\/li>\r\n<\/ul>\r\n<p data-path-to-node=\"31\"><b data-path-to-node=\"31\" data-index-in-node=\"0\">Modtagere:<\/b> Tjenesteudbydere, marketingpartnere og tilknyttede selskaber.<\/p>\r\n<p data-path-to-node=\"32\"><b data-path-to-node=\"9,0\" data-index-in-node=\"0\">M\u00e5lrettet annoncering og sociale medier<\/b> Vi benytter os af v\u00e6rkt\u00f8jer fra tredjeparter (s\u00e5som Google og Meta) til at analysere trafikken p\u00e5 vores hjemmeside og til at vise m\u00e5lrettede annoncer. Dette g\u00f8r vi for at kunne pr\u00e6sentere dig for relevant indhold og services, der matcher dine interesser inden for digitalt design og e-commerce. Du kan altid frav\u00e6lge denne form for annoncering ved at tr\u00e6kke dit samtykke tilbage i vores cookie-indstillinger.<\/p>\r\n<h3 data-path-to-node=\"33\">Brugergenereret indhold<\/h3>\r\n<p data-path-to-node=\"34\">Hvis du poster produktanmeldelser, vil dette v\u00e6re offentligt tilg\u00e6ngeligt. Vi er ikke ansvarlige for privatlivet eller sikkerheden af oplysninger, som du g\u00f8r offentligt tilg\u00e6ngelige.<\/p>\r\n<h3 data-path-to-node=\"35\">Tredjepartswebsteder<\/h3>\r\n<p data-path-to-node=\"36\">Vores Side kan indeholde links til andre hjemmesider. Vi er ikke ansvarlige for deres privatlivspraksis.<\/p>\r\n<h3 data-path-to-node=\"37\">B\u00f8rns data<\/h3>\r\n<p data-path-to-node=\"38\">Tjenesterne er ikke beregnet til b\u00f8rn, og vi indsamler ikke bevidst data om b\u00f8rn.<\/p>\r\n<h3 data-path-to-node=\"39\">Sikkerhed og opbevaring<\/h3>\r\n<p data-path-to-node=\"40\">Bem\u00e6rk venligst, at ingen sikkerhedsforanstaltninger er perfekte. Vi anbefaler, at du ikke sender f\u00f8lsomme oplysninger via usikre kanaler.<\/p>\r\n<p data-path-to-node=\"40\">Du har ret til at f\u00e5 adgang til de personoplysninger, vi har om dig, og ret til at bede om, at de bliver rettet eller slettet. Du har ogs\u00e5 ret til at klage til Datatilsynet, hvis du er utilfreds med vores behandling af dine oplysninger.<br \/><br \/><b data-path-to-node=\"13,0\" data-index-in-node=\"0\">Kontakt<\/b> Hvis du har sp\u00f8rgsm\u00e5l til vores privatlivspolitik eller \u00f8nsker at g\u00f8re brug af dine rettigheder (f.eks. indsigt i eller sletning af data), kan du kontakte os p\u00e5: <b data-path-to-node=\"13,0\" data-index-in-node=\"170\">kontakt@simonetu.dk<\/b><\/p>","protected":false},"excerpt":{"rendered":"<p>Privatlivspolitik for simonetu.dk Sidst opdateret: 28.12.2025 Denne privatlivspolitik beskriver, hvordan simonetu.dk (\u201cSiden\u201d, \u201cvi\u201d, \u201cos\u201d eller \u201cvores\u201d) indsamler, bruger og videregiver dine personoplysninger, n\u00e5r du bes\u00f8ger, bruger vores tjenester eller foretager et k\u00f8b fra www.simonetu.dk (\u201cSiden\u201d) eller p\u00e5 anden m\u00e5de kommunikerer med os (samlet ben\u00e6vnt \u201cTjenesterne\u201d). I denne privatlivspolitik betyder \u201cdu\u201d og \u201cdin\u201d dig som bruger [&hellip;]<\/p>\n","protected":false},"author":1,"featured_media":0,"parent":0,"menu_order":0,"comment_status":"closed","ping_status":"open","template":"","meta":{"footnotes":""},"class_list":["post-3","page","type-page","status-publish","hentry"],"_links":{"self":[{"href":"https:\/\/simonetu.dk\/index.php?rest_route=\/wp\/v2\/pages\/3","targetHints":{"allow":["GET"]}}],"collection":[{"href":"https:\/\/simonetu.dk\/index.php?rest_route=\/wp\/v2\/pages"}],"about":[{"href":"https:\/\/simonetu.dk\/index.php?rest_route=\/wp\/v2\/types\/page"}],"author":[{"embeddable":true,"href":"https:\/\/simonetu.dk\/index.php?rest_route=\/wp\/v2\/users\/1"}],"replies":[{"embeddable":true,"href":"https:\/\/simonetu.dk\/index.php?rest_route=%2Fwp%2Fv2%2Fcomments&post=3"}],"version-history":[{"count":0,"href":"https:\/\/simonetu.dk\/index.php?rest_route=\/wp\/v2\/pages\/3\/revisions"}],"wp:attachment":[{"href":"https:\/\/simonetu.dk\/index.php?rest_route=%2Fwp%2Fv2%2Fmedia&parent=3"}],"curies":[{"name":"wp","href":"https:\/\/api.w.org\/{rel}","templated":true}]}}