{"id":2126,"date":"2025-05-14T06:51:57","date_gmt":"2025-05-14T06:51:57","guid":{"rendered":"https:\/\/geroldlight.themejunction.net\/?page_id=2126"},"modified":"2026-01-03T20:20:52","modified_gmt":"2026-01-03T18:20:52","slug":"contact","status":"publish","type":"page","link":"https:\/\/simonetu.dk\/?page_id=2126","title":{"rendered":"Kontakt"},"content":{"rendered":"\t\t<div data-elementor-type=\"wp-page\" data-elementor-id=\"2126\" class=\"elementor elementor-2126\">\n\t\t\t\t<div class=\"elementor-element elementor-element-da45111 e-con-full e-flex e-con e-parent\" data-id=\"da45111\" data-element_type=\"container\" data-e-type=\"container\">\n\t\t\t\t<div class=\"elementor-element elementor-element-4697f0d elementor-widget elementor-widget-tj-page-header\" data-id=\"4697f0d\" data-element_type=\"widget\" data-e-type=\"widget\" data-widget_type=\"tj-page-header.default\">\n\t\t\t\t<div class=\"elementor-widget-container\">\n\t\t\t\t\t\n<div class=\"breadcrumb_area\" data-bg-image=&quot;https:\/\/simonetu.dk\/wp-content\/uploads\/2025\/12\/Hero-DM2.png&quot;>\n  <div class=\"container\">\n    <div class=\"row\">\n      <div class=\"col\">\n        <div class=\"breadcrumb_content d-flex flex-column align-items-center\">\n\n          <h1 class=\"title\">Kontakt<\/h1>\n          \n        <\/div>\n      <\/div>\n    <\/div>\n  <\/div>\n<\/div>\n\n\t\t\t\t<\/div>\n\t\t\t\t<\/div>\n\t\t\t\t<\/div>\n\t\t<div class=\"elementor-element elementor-element-5c5a9b8 e-flex e-con-boxed e-con e-parent\" data-id=\"5c5a9b8\" data-element_type=\"container\" data-e-type=\"container\" data-settings=\"{&quot;background_background&quot;:&quot;classic&quot;}\">\n\t\t\t\t\t<div class=\"e-con-inner\">\n\t\t<div class=\"elementor-element elementor-element-a375d44 e-con-full e-flex e-con e-child\" data-id=\"a375d44\" data-element_type=\"container\" data-e-type=\"container\">\n\t\t<div class=\"elementor-element elementor-element-f93f7e0 e-con-full e-flex e-con e-child\" data-id=\"f93f7e0\" data-element_type=\"container\" data-e-type=\"container\">\n\t\t\t\t<div class=\"elementor-element elementor-element-b832f7c elementor-widget__width-initial tj_section_align elementor-align-left elementor-widget elementor-widget-tj-section-title\" data-id=\"b832f7c\" data-element_type=\"widget\" data-e-type=\"widget\" data-widget_type=\"tj-section-title.default\">\n\t\t\t\t<div class=\"elementor-widget-container\">\n\t\t\t\t\t\n<div class=\"section-header style-3\">\n      <div class=\"sec-text\">\n      \n              <h2 data-wow-delay=\"0.4s\" class=\"title wow fadeInUp\">\n          Klar til at samarbejde?        <\/h2>\n      \n              <div data-wow-delay=\"0.5s\" class=\"desc wow fadeInUp\">\n          <p><p><strong>Kontakt mig gerne gennem kontaktformularen her eller via email.<\/strong><\/p><div class=\"desc wow fadeInUp\"><p>Min telefontid ligger pt. mellem kl.08:00 - 10:00.<\/p><p>Du er selvf\u00f8lgelig ogs\u00e5 velkommen til at ringe og l\u00e6gge en besked, s\u00e5 vender jeg tilbage til dig indenfor 24 timer!\u00a0<\/p><\/div><\/p>\n        <\/div>\n          <\/div>\n  <\/div>\n\n\t\t\t\t<\/div>\n\t\t\t\t<\/div>\n\t\t\t\t<\/div>\n\t\t<div class=\"elementor-element elementor-element-f849517 e-con-full e-flex e-con e-child\" data-id=\"f849517\" data-element_type=\"container\" data-e-type=\"container\">\n\t\t\t\t<div class=\"elementor-element elementor-element-f995097 elementor-widget elementor-widget-tj-contact-info\" data-id=\"f995097\" data-element_type=\"widget\" data-e-type=\"widget\" data-widget_type=\"tj-contact-info.default\">\n\t\t\t\t<div class=\"elementor-widget-container\">\n\t\t\t\t\t\n<div class=\"contact-box style-5\">\n  <div class=\"contact-info-list\">\n          <ul class=\"ul-reset\">\n                  <li class=\"d-flex flex-wrap align-items-center position-relative wow fadeInUp\" data-wow-delay=\"0.2s\">\n            <div class=\"icon-box\">\n              <i aria-hidden=\"true\" class=\"tj flaticon flaticon-phone-call\"><\/i>            <\/div>\n            <div class=\"text-box\">\n                              <p>Phone<\/p>\n              \n                                                <span>+45 20 70 70 06<\/span>\n                                          <\/div>\n          <\/li>\n                  <li class=\"d-flex flex-wrap align-items-center position-relative wow fadeInUp\" data-wow-delay=\"0.3s\">\n            <div class=\"icon-box\">\n              <i aria-hidden=\"true\" class=\"fal fa-envelope\"><\/i>            <\/div>\n            <div class=\"text-box\">\n                              <p>Email<\/p>\n              \n                                                <a href=\"mailto:kontakt@simonetu.dk\">kontakt@simonetu.dk<\/a>\n                                          <\/div>\n          <\/li>\n              <\/ul>\n      <\/div>\n<\/div>\n\n\t\t\t\t<\/div>\n\t\t\t\t<\/div>\n\t\t\t\t<\/div>\n\t\t\t\t<\/div>\n\t\t<div class=\"elementor-element elementor-element-37adba6 e-con-full e-flex e-con e-child\" data-id=\"37adba6\" data-element_type=\"container\" data-e-type=\"container\">\n\t\t\t\t<div class=\"elementor-element elementor-element-059acd9 elementor-widget elementor-widget-tj-form\" data-id=\"059acd9\" data-element_type=\"widget\" data-e-type=\"widget\" data-widget_type=\"tj-form.default\">\n\t\t\t\t<div class=\"elementor-widget-container\">\n\t\t\t\t\t\n\n<div data-wow-delay=\"0.3s\" class=\"contact-form-box style-5 wow fadeInRight\">\n  <div class=\"tj-contact-form\">\n          \n<div class=\"wpcf7 no-js\" id=\"wpcf7-f486-o1\" lang=\"en-US\" dir=\"ltr\" data-wpcf7-id=\"486\">\n<div class=\"screen-reader-response\"><p role=\"status\" aria-live=\"polite\" aria-atomic=\"true\"><\/p> <ul><\/ul><\/div>\n<form action=\"\/index.php?rest_route=%2Fwp%2Fv2%2Fpages%2F2126#wpcf7-f486-o1\" method=\"post\" class=\"wpcf7-form init\" aria-label=\"Contact form\" novalidate=\"novalidate\" data-status=\"init\">\n<fieldset class=\"hidden-fields-container\"><input type=\"hidden\" name=\"_wpcf7\" value=\"486\" \/><input type=\"hidden\" name=\"_wpcf7_version\" value=\"6.1.5\" \/><input type=\"hidden\" name=\"_wpcf7_locale\" value=\"en_US\" \/><input type=\"hidden\" name=\"_wpcf7_unit_tag\" value=\"wpcf7-f486-o1\" \/><input type=\"hidden\" name=\"_wpcf7_container_post\" value=\"0\" \/><input type=\"hidden\" name=\"_wpcf7_posted_data_hash\" value=\"\" \/>\n<\/fieldset>\n<div class=\"contact-form\">\n    <div class=\"row gx-3\">\n        <div class=\"col-sm-6\">\n            <div class=\"form_group\">\n<span class=\"wpcf7-form-control-wrap\" data-name=\"fname\"><input size=\"40\" maxlength=\"400\" class=\"wpcf7-form-control wpcf7-text wpcf7-validates-as-required\" id=\"fname\" aria-required=\"true\" aria-invalid=\"false\" placeholder=\"Fornavn\" value=\"\" type=\"text\" name=\"fname\" \/><\/span>\n            <\/div>\n        <\/div>\n        <div class=\"col-sm-6\">\n            <div class=\"form_group\">\n<span class=\"wpcf7-form-control-wrap\" data-name=\"lname\"><input size=\"40\" maxlength=\"400\" class=\"wpcf7-form-control wpcf7-text\" id=\"lname\" aria-invalid=\"false\" placeholder=\"Efternavn\" value=\"\" type=\"text\" name=\"lname\" \/><\/span>\n            <\/div>\n        <\/div>\n        <div class=\"col-sm-6\">\n            <div class=\"form_group\">\n<span class=\"wpcf7-form-control-wrap\" data-name=\"email\"><input size=\"40\" maxlength=\"400\" class=\"wpcf7-form-control wpcf7-email wpcf7-validates-as-required wpcf7-text wpcf7-validates-as-email\" id=\"email\" aria-required=\"true\" aria-invalid=\"false\" placeholder=\"Email\" value=\"\" type=\"email\" name=\"email\" \/><\/span>\n            <\/div>\n        <\/div>\n        <div class=\"col-sm-6\">\n            <div class=\"form_group\">\n<span class=\"wpcf7-form-control-wrap\" data-name=\"phone\"><input size=\"40\" maxlength=\"400\" class=\"wpcf7-form-control wpcf7-tel wpcf7-validates-as-required wpcf7-text wpcf7-validates-as-tel\" id=\"phone\" aria-required=\"true\" aria-invalid=\"false\" placeholder=\"Telefonnummer\" value=\"\" type=\"tel\" name=\"phone\" \/><\/span>\n            <\/div>\n        <\/div>\n        <div class=\"col-12\">\n            <div class=\"form_group\">\n                <span class=\"wpcf7-form-control-wrap\" data-name=\"Services\"><select class=\"wpcf7-form-control wpcf7-select wpcf7-validates-as-required tj-nice-select\" aria-required=\"true\" aria-invalid=\"false\" name=\"Services\"><option value=\"\">V\u00e6lg<\/option><option value=\"Strategisk Konsultation\">Strategisk Konsultation<\/option><option value=\"Creative Design\">Creative Design<\/option><option value=\"Digital Marketing\">Digital Marketing<\/option><option value=\"Hjemmeside\">Hjemmeside<\/option><option value=\"Andet\">Andet<\/option><\/select><\/span>\n            <\/div>\n        <\/div>\n        <div class=\"col-12\">\n            <div class=\"form_group\">\n<span class=\"wpcf7-form-control-wrap\" data-name=\"message\"><textarea cols=\"40\" rows=\"10\" maxlength=\"2000\" class=\"wpcf7-form-control wpcf7-textarea wpcf7-validates-as-required\" id=\"message\" aria-required=\"true\" aria-invalid=\"false\" placeholder=\"Besked\" name=\"message\"><\/textarea><\/span>\n            <\/div>\n        <\/div>\n        <div class=\"col-12\">\n<div class=\"wpcf7-turnstile cf-turnstile\" data-sitekey=\"0x4AAAAAAB_ot0aNWqSVdM6c\" data-response-field-name=\"_wpcf7_turnstile_response\"><\/div>\n            <div class=\"form_btn\">\n                <button type=\"submit\" class=\"btn tj-btn-primary\">Send<\/button>\n            <\/div>\n        <\/div>\n    <\/div>\n<\/div><p style=\"display: none !important;\" class=\"akismet-fields-container\" data-prefix=\"_wpcf7_ak_\"><label>\u0394<textarea name=\"_wpcf7_ak_hp_textarea\" cols=\"45\" rows=\"8\" maxlength=\"100\"><\/textarea><\/label><input type=\"hidden\" id=\"ak_js_1\" name=\"_wpcf7_ak_js\" value=\"14\"\/><script>\ndocument.getElementById( \"ak_js_1\" ).setAttribute( \"value\", ( new Date() ).getTime() );\n<\/script>\n<\/p><div class=\"wpcf7-response-output\" aria-hidden=\"true\"><\/div>\n<\/form>\n<\/div>\n        <div class=\"clearfix\"><\/div>\n  <\/div>\n<\/div>\n\n\t\t\t\t<\/div>\n\t\t\t\t<\/div>\n\t\t\t\t<\/div>\n\t\t\t\t\t<\/div>\n\t\t\t\t<\/div>\n\t\t\t\t<\/div>\n\t\t","protected":false},"excerpt":{"rendered":"<p>Kontakt Klar til at samarbejde? Kontakt mig gerne gennem kontaktformularen her eller via email. Min telefontid ligger pt. mellem kl.08:00 \u2013 10:00. Du er selvf\u00f8lgelig ogs\u00e5 velkommen til at ringe og l\u00e6gge en besked, s\u00e5 vender jeg tilbage til dig indenfor 24 timer! Phone +45 20 70 70 06 Email kontakt@simonetu.dk V\u00e6lgStrategisk KonsultationCreative DesignDigital MarketingHjemmesideAndet [&hellip;]<\/p>\n","protected":false},"author":1,"featured_media":0,"parent":0,"menu_order":0,"comment_status":"closed","ping_status":"closed","template":"elementor_header_footer","meta":{"footnotes":""},"class_list":["post-2126","page","type-page","status-publish","hentry"],"_links":{"self":[{"href":"https:\/\/simonetu.dk\/index.php?rest_route=\/wp\/v2\/pages\/2126","targetHints":{"allow":["GET"]}}],"collection":[{"href":"https:\/\/simonetu.dk\/index.php?rest_route=\/wp\/v2\/pages"}],"about":[{"href":"https:\/\/simonetu.dk\/index.php?rest_route=\/wp\/v2\/types\/page"}],"author":[{"embeddable":true,"href":"https:\/\/simonetu.dk\/index.php?rest_route=\/wp\/v2\/users\/1"}],"replies":[{"embeddable":true,"href":"https:\/\/simonetu.dk\/index.php?rest_route=%2Fwp%2Fv2%2Fcomments&post=2126"}],"version-history":[{"count":1,"href":"https:\/\/simonetu.dk\/index.php?rest_route=\/wp\/v2\/pages\/2126\/revisions"}],"predecessor-version":[{"id":3506,"href":"https:\/\/simonetu.dk\/index.php?rest_route=\/wp\/v2\/pages\/2126\/revisions\/3506"}],"wp:attachment":[{"href":"https:\/\/simonetu.dk\/index.php?rest_route=%2Fwp%2Fv2%2Fmedia&parent=2126"}],"curies":[{"name":"wp","href":"https:\/\/api.w.org\/{rel}","templated":true}]}}